{"id":28,"date":"2016-11-02T09:30:58","date_gmt":"2016-11-02T09:30:58","guid":{"rendered":"http:\/\/www.linnestaden.nu\/Haket\/?page_id=28"},"modified":"2025-01-08T10:31:49","modified_gmt":"2025-01-08T09:31:49","slug":"haket","status":"publish","type":"page","link":"http:\/\/www.linnestaden.nu\/Haket\/","title":{"rendered":"Haket"},"content":{"rendered":"\n<p><strong>V\u00c4LKOMMEN TILL HAKET \u2013 B\u00c4RS O S\u00c5NT<\/strong><\/p>\n<p><strong>Hakets hemsida har nu bytt plats. Du hittar den h\u00e4r: <a href=\"http:\/\/www.haketpub.se\">http:\/\/www.haketpub.se<\/a><\/strong><\/p>\n","protected":false},"excerpt":{"rendered":"<p>V\u00c4LKOMMEN TILL HAKET \u2013 B\u00c4RS O S\u00c5NT Hakets hemsida har nu bytt plats. Du hittar den h\u00e4r: http:\/\/www.haketpub.se<\/p>\n","protected":false},"author":1,"featured_media":0,"parent":0,"menu_order":0,"comment_status":"closed","ping_status":"closed","template":"","meta":{"_bbp_topic_count":0,"_bbp_reply_count":0,"_bbp_total_topic_count":0,"_bbp_total_reply_count":0,"_bbp_voice_count":0,"_bbp_anonymous_reply_count":0,"_bbp_topic_count_hidden":0,"_bbp_reply_count_hidden":0,"_bbp_forum_subforum_count":0},"_links":{"self":[{"href":"http:\/\/www.linnestaden.nu\/Haket\/wp-json\/wp\/v2\/pages\/28"}],"collection":[{"href":"http:\/\/www.linnestaden.nu\/Haket\/wp-json\/wp\/v2\/pages"}],"about":[{"href":"http:\/\/www.linnestaden.nu\/Haket\/wp-json\/wp\/v2\/types\/page"}],"author":[{"embeddable":true,"href":"http:\/\/www.linnestaden.nu\/Haket\/wp-json\/wp\/v2\/users\/1"}],"replies":[{"embeddable":true,"href":"http:\/\/www.linnestaden.nu\/Haket\/wp-json\/wp\/v2\/comments?post=28"}],"version-history":[{"count":117,"href":"http:\/\/www.linnestaden.nu\/Haket\/wp-json\/wp\/v2\/pages\/28\/revisions"}],"predecessor-version":[{"id":5407,"href":"http:\/\/www.linnestaden.nu\/Haket\/wp-json\/wp\/v2\/pages\/28\/revisions\/5407"}],"wp:attachment":[{"href":"http:\/\/www.linnestaden.nu\/Haket\/wp-json\/wp\/v2\/media?parent=28"}],"curies":[{"name":"wp","href":"https:\/\/api.w.org\/{rel}","templated":true}]}}